{"id":1362,"date":"2023-11-02T08:28:23","date_gmt":"2023-11-02T13:28:23","guid":{"rendered":"https:\/\/courtier-mtl.com\/real-estate-alert\/"},"modified":"2025-03-26T14:25:54","modified_gmt":"2025-03-26T19:25:54","slug":"alerte-immobiliere","status":"publish","type":"page","link":"https:\/\/courtier-mtl.com\/fr\/alerte-immobiliere\/","title":{"rendered":"Alerte Immobili\u00e8re"},"content":{"rendered":"<div id=\"multi-step-form\" class=\"fw-wizard\" data-stepCount=\"3\" data-wizardid=\"2\">\n    <div class=\"fw-wizard-step-header-container\">\n        <div class=\"fw-container\" data-redirect=\"\">\n                <div class=\"fw-wizard-step-header\" data-stepId=\"0\">\n            <span class=\"msf-h2\">ALERTES IMMOBILI\u00c8RES<\/span>\n            <p class=\"fw-copytext\">Inscrivez-vous gratuitement \u00e0 l'alerte immobili\u00e8re et recevez toutes les nouveaut\u00e9s r\u00e9pondant \u00e0 vos crit\u00e8res d\u00e8s leur mise en ligne. Ne manquez aucune opportunit\u00e9!<\/p>\n        <\/div>\n                <div class=\"fw-wizard-step-header\" data-stepId=\"1\">\n            <span class=\"msf-h2\"><\/span>\n            <p class=\"fw-copytext\"><\/p>\n        <\/div>\n                <div class=\"fw-wizard-step-header\" data-stepId=\"2\">\n            <span class=\"msf-h2\"><\/span>\n            <p class=\"fw-copytext\"><\/p>\n        <\/div>\n                <\/div>\n    <\/div>\n    <div class=\"fw-progress-bar-container \">\n        <div class=\"fw-container\">\n    <div class=\"fw-progress-wrap\">\n    <ul class=\"fw-progress-bar\"\n        data-activecolor=\"#546e7a\"\n        data-donecolor=\"#4caf50\"\n        data-nextcolor=\"#aaa\"\n        data-buttoncolor=\"#546e7a\">\n                <li class=\"fw-progress-step\"\n            data-id=\"0\">\n            <span class=\"fw-progress-bar-bar\"><\/span>\n            <span class=\"fw-txt-ellipsis\" data-title=\"Step 1\">Step 1<\/span>\n                    <\/li>\n                    <li class=\"fw-progress-step\"\n            data-id=\"1\">\n            <span class=\"fw-progress-bar-bar\"><\/span>\n            <span class=\"fw-txt-ellipsis\" data-title=\"Step 2\">Step 2<\/span>\n                    <\/li>\n                    <li class=\"fw-progress-step\"\n            data-id=\"2\">\n            <span class=\"fw-progress-bar-bar\"><\/span>\n            <span class=\"fw-txt-ellipsis\" data-title=\"Step 3\">Step 3<\/span>\n                    <\/li>\n                <\/ul>\n<\/div>\n        <\/div>\n    <\/div>\n    <div class=\"fw-wizard-step-container\">\n        <div class=\"fw-container\">\n                    <div class=\"fw-wizard-step\" data-stepId=\"0\">\n                <div class=\"fw-step-part \" data-partId=\"0\">\n\t<span class=\"fw-step-part-title \">\n\t\t\t1\t<\/span>\n\t<div class=\"fw-clearfix\"><\/div>\n\t<div class=\"fw-step-part-body\">\n\t\t\t\t\t\t\t\t\t<div class=\"fw-step-block\" data-blockId=\"2\" data-type=\"fw-radio\" data-required=\"false\">\n\t\t\t\t\t\t\t\t<span class=\"msf-h3\">O\u00d9 D\u00c9SIREZ-VOUS ACHETER?<\/span>\n\t\t\t\t\t<br>\n\t\t\t\t\t\t\t\t\t\t<div class=\"fw-choice fw-input-container\" data-type=\"fw-checkbox\">\n\t\t\t\t\t\t<input id=\"fw-2-0-0-0-1\" type=\"checkbox\" class=\"fw-checkbox\" name=\"fw-2-0-0-0\" data-id=\"1\">\n\t\t\t\t\t\t<label for=\"fw-2-0-0-0-1\" data-labelId=\"1\">Montreal<\/label>\n\t\t\t\t\t<\/div>\n\t\t\t\t\t\t\t\t\t\t<div class=\"fw-choice fw-input-container\" data-type=\"fw-checkbox\">\n\t\t\t\t\t\t<input id=\"fw-2-0-0-0-2\" type=\"checkbox\" class=\"fw-checkbox\" name=\"fw-2-0-0-0\" data-id=\"2\">\n\t\t\t\t\t\t<label for=\"fw-2-0-0-0-2\" data-labelId=\"2\">West Island (Montreal)<\/label>\n\t\t\t\t\t<\/div>\n\t\t\t\t\t\t\t\t\t\t<div class=\"fw-choice fw-input-container\" data-type=\"fw-checkbox\">\n\t\t\t\t\t\t<input id=\"fw-2-0-0-0-3\" type=\"checkbox\" class=\"fw-checkbox\" name=\"fw-2-0-0-0\" data-id=\"3\">\n\t\t\t\t\t\t<label for=\"fw-2-0-0-0-3\" data-labelId=\"3\">Laval<\/label>\n\t\t\t\t\t<\/div>\n\t\t\t\t\t\t\t\t\t\t<div class=\"fw-choice fw-input-container\" data-type=\"fw-checkbox\">\n\t\t\t\t\t\t<input id=\"fw-2-0-0-0-4\" type=\"checkbox\" class=\"fw-checkbox\" name=\"fw-2-0-0-0\" data-id=\"4\">\n\t\t\t\t\t\t<label for=\"fw-2-0-0-0-4\" data-labelId=\"4\">Sainte-Eustache \/ Boisbriand<\/label>\n\t\t\t\t\t<\/div>\n\t\t\t\t\t\t\t\t\t\t<div class=\"fw-choice fw-input-container\" data-type=\"fw-checkbox\">\n\t\t\t\t\t\t<input id=\"fw-2-0-0-0-5\" type=\"checkbox\" class=\"fw-checkbox\" name=\"fw-2-0-0-0\" data-id=\"5\">\n\t\t\t\t\t\t<label for=\"fw-2-0-0-0-5\" data-labelId=\"5\">Blainville<\/label>\n\t\t\t\t\t<\/div>\n\t\t\t\t\t\t\t\t\t\t<div class=\"fw-choice fw-input-container\" data-type=\"fw-checkbox\">\n\t\t\t\t\t\t<input id=\"fw-2-0-0-0-6\" type=\"checkbox\" class=\"fw-checkbox\" name=\"fw-2-0-0-0\" data-id=\"6\">\n\t\t\t\t\t\t<label for=\"fw-2-0-0-0-6\" data-labelId=\"6\">Rosemere \/ Lorraine<\/label>\n\t\t\t\t\t<\/div>\n\t\t\t\t\t\t\t\t\t\t<div class=\"fw-choice fw-input-container\" data-type=\"fw-checkbox\">\n\t\t\t\t\t\t<input id=\"fw-2-0-0-0-7\" type=\"checkbox\" class=\"fw-checkbox\" name=\"fw-2-0-0-0\" data-id=\"7\">\n\t\t\t\t\t\t<label for=\"fw-2-0-0-0-7\" data-labelId=\"7\">Bois des fillions<\/label>\n\t\t\t\t\t<\/div>\n\t\t\t\t\t\t\t\t\t\t<div class=\"fw-choice fw-input-container\" data-type=\"fw-checkbox\">\n\t\t\t\t\t\t<input id=\"fw-2-0-0-0-8\" type=\"checkbox\" class=\"fw-checkbox\" name=\"fw-2-0-0-0\" data-id=\"8\">\n\t\t\t\t\t\t<label for=\"fw-2-0-0-0-8\" data-labelId=\"8\">Sainte-Therese<\/label>\n\t\t\t\t\t<\/div>\n\t\t\t\t\t\t\t\t\t\t<div class=\"fw-choice fw-input-container\" data-type=\"fw-checkbox\">\n\t\t\t\t\t\t<input id=\"fw-2-0-0-0-9\" type=\"checkbox\" class=\"fw-checkbox\" name=\"fw-2-0-0-0\" data-id=\"9\">\n\t\t\t\t\t\t<label for=\"fw-2-0-0-0-9\" data-labelId=\"9\">Mirabel<\/label>\n\t\t\t\t\t<\/div>\n\t\t\t\t\t\t\t\t\t\t<div class=\"fw-choice fw-input-container\" data-type=\"fw-checkbox\">\n\t\t\t\t\t\t<input id=\"fw-2-0-0-0-10\" type=\"checkbox\" class=\"fw-checkbox\" name=\"fw-2-0-0-0\" data-id=\"10\">\n\t\t\t\t\t\t<label for=\"fw-2-0-0-0-10\" data-labelId=\"10\">Laurentides<\/label>\n\t\t\t\t\t<\/div>\n\t\t\t\t\t\t\t\t\t\t<div class=\"fw-choice fw-input-container\" data-type=\"fw-checkbox\">\n\t\t\t\t\t\t<input id=\"fw-2-0-0-0-11\" type=\"checkbox\" class=\"fw-checkbox\" name=\"fw-2-0-0-0\" data-id=\"11\">\n\t\t\t\t\t\t<label for=\"fw-2-0-0-0-11\" data-labelId=\"11\">Repentigny<\/label>\n\t\t\t\t\t<\/div>\n\t\t\t\t\t\t\t\t\t\t<div class=\"fw-choice fw-input-container\" data-type=\"fw-checkbox\">\n\t\t\t\t\t\t<input id=\"fw-2-0-0-0-12\" type=\"checkbox\" class=\"fw-checkbox\" name=\"fw-2-0-0-0\" data-id=\"12\">\n\t\t\t\t\t\t<label for=\"fw-2-0-0-0-12\" data-labelId=\"12\">Mascouche<\/label>\n\t\t\t\t\t<\/div>\n\t\t\t\t\t\t\t\t\t\t<div class=\"fw-choice fw-input-container\" data-type=\"fw-checkbox\">\n\t\t\t\t\t\t<input id=\"fw-2-0-0-0-13\" type=\"checkbox\" class=\"fw-checkbox\" name=\"fw-2-0-0-0\" data-id=\"13\">\n\t\t\t\t\t\t<label for=\"fw-2-0-0-0-13\" data-labelId=\"13\">Lachenaie<\/label>\n\t\t\t\t\t<\/div>\n\t\t\t\t\t\t\t\t\t\t<div class=\"fw-choice fw-input-container\" data-type=\"fw-checkbox\">\n\t\t\t\t\t\t<input id=\"fw-2-0-0-0-14\" type=\"checkbox\" class=\"fw-checkbox\" name=\"fw-2-0-0-0\" data-id=\"14\">\n\t\t\t\t\t\t<label for=\"fw-2-0-0-0-14\" data-labelId=\"14\">Lanaudi\u00e8re<\/label>\n\t\t\t\t\t<\/div>\n\t\t\t\t\t\t\t\t\t\t<div class=\"fw-choice fw-input-container\" data-type=\"fw-checkbox\">\n\t\t\t\t\t\t<input id=\"fw-2-0-0-0-15\" type=\"checkbox\" class=\"fw-checkbox\" name=\"fw-2-0-0-0\" data-id=\"15\">\n\t\t\t\t\t\t<label for=\"fw-2-0-0-0-15\" data-labelId=\"15\">Terrebonne<\/label>\n\t\t\t\t\t<\/div>\n\t\t\t\t\t\t\t\t\t\t<div class=\"fw-choice fw-input-container\" data-type=\"fw-checkbox\">\n\t\t\t\t\t\t<input id=\"fw-2-0-0-0-16\" type=\"checkbox\" class=\"fw-checkbox\" name=\"fw-2-0-0-0\" data-id=\"16\">\n\t\t\t\t\t\t<label for=\"fw-2-0-0-0-16\" data-labelId=\"16\">Vaudreuil-Dorion<\/label>\n\t\t\t\t\t<\/div>\n\t\t\t\t\t\t\t\t\t\t<div class=\"fw-choice fw-input-container\" data-type=\"fw-checkbox\">\n\t\t\t\t\t\t<input id=\"fw-2-0-0-0-17\" type=\"checkbox\" class=\"fw-checkbox\" name=\"fw-2-0-0-0\" data-id=\"17\">\n\t\t\t\t\t\t<label for=\"fw-2-0-0-0-17\" data-labelId=\"17\">Ile Perrot\/ Pincourt<\/label>\n\t\t\t\t\t<\/div>\n\t\t\t\t\t\t\t\t\t\t<div class=\"fw-choice fw-input-container\" data-type=\"fw-checkbox\">\n\t\t\t\t\t\t<input id=\"fw-2-0-0-0-18\" type=\"checkbox\" class=\"fw-checkbox\" name=\"fw-2-0-0-0\" data-id=\"18\">\n\t\t\t\t\t\t<label for=\"fw-2-0-0-0-18\" data-labelId=\"18\">Les Coteaux \/ Les C\u00e8dres \/ Saint-Zotique<\/label>\n\t\t\t\t\t<\/div>\n\t\t\t\t\t\t\t\t\t\t<div class=\"fw-choice fw-input-container\" data-type=\"fw-checkbox\">\n\t\t\t\t\t\t<input id=\"fw-2-0-0-0-19\" type=\"checkbox\" class=\"fw-checkbox\" name=\"fw-2-0-0-0\" data-id=\"19\">\n\t\t\t\t\t\t<label for=\"fw-2-0-0-0-19\" data-labelId=\"19\">Saint-Lazare \/ Hudson \/ Rigaud<\/label>\n\t\t\t\t\t<\/div>\n\t\t\t\t\t\t\t\t\t\t<div class=\"fw-choice fw-input-container\" data-type=\"fw-checkbox\">\n\t\t\t\t\t\t<input id=\"fw-2-0-0-0-20\" type=\"checkbox\" class=\"fw-checkbox\" name=\"fw-2-0-0-0\" data-id=\"20\">\n\t\t\t\t\t\t<label for=\"fw-2-0-0-0-20\" data-labelId=\"20\">Chateauguay<\/label>\n\t\t\t\t\t<\/div>\n\t\t\t\t\t\t\t\t\t\t<div class=\"fw-choice fw-input-container\" data-type=\"fw-checkbox\">\n\t\t\t\t\t\t<input id=\"fw-2-0-0-0-21\" type=\"checkbox\" class=\"fw-checkbox\" name=\"fw-2-0-0-0\" data-id=\"21\">\n\t\t\t\t\t\t<label for=\"fw-2-0-0-0-21\" data-labelId=\"21\">Sainte-Catherine<\/label>\n\t\t\t\t\t<\/div>\n\t\t\t\t\t\t\t\t\t\t<div class=\"fw-choice fw-input-container\" data-type=\"fw-checkbox\">\n\t\t\t\t\t\t<input id=\"fw-2-0-0-0-22\" type=\"checkbox\" class=\"fw-checkbox\" name=\"fw-2-0-0-0\" data-id=\"22\">\n\t\t\t\t\t\t<label for=\"fw-2-0-0-0-22\" data-labelId=\"22\">Saint-Constant \/ Delson<\/label>\n\t\t\t\t\t<\/div>\n\t\t\t\t\t\t\t\t\t\t<div class=\"fw-choice fw-input-container\" data-type=\"fw-checkbox\">\n\t\t\t\t\t\t<input id=\"fw-2-0-0-0-23\" type=\"checkbox\" class=\"fw-checkbox\" name=\"fw-2-0-0-0\" data-id=\"23\">\n\t\t\t\t\t\t<label for=\"fw-2-0-0-0-23\" data-labelId=\"23\">Candiac \/ La Prairie<\/label>\n\t\t\t\t\t<\/div>\n\t\t\t\t\t\t\t\t\t\t<div class=\"fw-choice fw-input-container\" data-type=\"fw-checkbox\">\n\t\t\t\t\t\t<input id=\"fw-2-0-0-0-24\" type=\"checkbox\" class=\"fw-checkbox\" name=\"fw-2-0-0-0\" data-id=\"24\">\n\t\t\t\t\t\t<label for=\"fw-2-0-0-0-24\" data-labelId=\"24\">Brossard<\/label>\n\t\t\t\t\t<\/div>\n\t\t\t\t\t\t\t\t\t\t<div class=\"fw-choice fw-input-container\" data-type=\"fw-checkbox\">\n\t\t\t\t\t\t<input id=\"fw-2-0-0-0-25\" type=\"checkbox\" class=\"fw-checkbox\" name=\"fw-2-0-0-0\" data-id=\"25\">\n\t\t\t\t\t\t<label for=\"fw-2-0-0-0-25\" data-labelId=\"25\">Longueuil \/ Saint-Hubert<\/label>\n\t\t\t\t\t<\/div>\n\t\t\t\t\t\t\t\t\t\t<div class=\"fw-choice fw-input-container\" data-type=\"fw-checkbox\">\n\t\t\t\t\t\t<input id=\"fw-2-0-0-0-26\" type=\"checkbox\" class=\"fw-checkbox\" name=\"fw-2-0-0-0\" data-id=\"26\">\n\t\t\t\t\t\t<label for=\"fw-2-0-0-0-26\" data-labelId=\"26\">Boucherville \/ Saint- Julie<\/label>\n\t\t\t\t\t<\/div>\n\t\t\t\t\t\t\t\t\t\t<div class=\"fw-choice fw-input-container\" data-type=\"fw-checkbox\">\n\t\t\t\t\t\t<input id=\"fw-2-0-0-0-27\" type=\"checkbox\" class=\"fw-checkbox\" name=\"fw-2-0-0-0\" data-id=\"27\">\n\t\t\t\t\t\t<label for=\"fw-2-0-0-0-27\" data-labelId=\"27\">Rive Sud<\/label>\n\t\t\t\t\t<\/div>\n\t\t\t\t\t\t\t<\/div>\n\t\t\t\t\t\t\t\t\t\t\t<div class=\"fw-step-block\" data-blockId=\"2\" data-type=\"fw-textarea\" data-required=\"false\">\n\t\t\t<div class=\"fw-input-container\">\n\t\t\t\t<label for=\"msf-textarea-autre\"><span class=\"msf-h3\">Autre<\/span><\/label>\n\t\t\t\t<textarea \n\t\t\t\t\tclass=\"fw-textarea\"\n\t\t\t\t\tid=\"msf-textarea-autre\"\n\t\t\t\t\tdata-id=\"textarea\"><\/textarea>\n\t\t\t\t<span class=\"fa fa-pencil t-area form-control-feedback\" aria-hidden=\"true\"><\/span>\n\t\t\t<\/div>\n\t\t\t<div class=\"fw-clearfix\"><\/div>\n\t\t<\/div>\n\t\t\t\t\t\t<\/div>\n<\/div>\n\t\t\t                <div class=\"fw-clearfix\"><\/div>\n            <\/div>\n                        <div class=\"fw-wizard-step\" data-stepId=\"1\">\n                <div class=\"fw-step-part \" data-partId=\"0\">\n\t<span class=\"fw-step-part-title \">\n\t\t\t2\t<\/span>\n\t<div class=\"fw-clearfix\"><\/div>\n\t<div class=\"fw-step-part-body\">\n\t\t\t\t\t\t\t\t\t<div class=\"fw-step-block\" data-blockId=\"2\" data-type=\"fw-radio\" data-required=\"false\">\n\t\t\t\t\t\t\t\t<span class=\"msf-h3\">QUEL TYPE DE PROPRI\u00c9T\u00c9 RECHERCHEZ-VOUS?<\/span>\n\t\t\t\t\t<br>\n\t\t\t\t\t\t\t\t\t\t<div class=\"fw-choice fw-input-container\" data-type=\"fw-checkbox\">\n\t\t\t\t\t\t<input id=\"fw-2-1-0-0-1\" type=\"checkbox\" class=\"fw-checkbox\" name=\"fw-2-1-0-0\" data-id=\"1\">\n\t\t\t\t\t\t<label for=\"fw-2-1-0-0-1\" data-labelId=\"1\">Bungalow<\/label>\n\t\t\t\t\t<\/div>\n\t\t\t\t\t\t\t\t\t\t<div class=\"fw-choice fw-input-container\" data-type=\"fw-checkbox\">\n\t\t\t\t\t\t<input id=\"fw-2-1-0-0-2\" type=\"checkbox\" class=\"fw-checkbox\" name=\"fw-2-1-0-0\" data-id=\"2\">\n\t\t\t\t\t\t<label for=\"fw-2-1-0-0-2\" data-labelId=\"2\">Condo<\/label>\n\t\t\t\t\t<\/div>\n\t\t\t\t\t\t\t\t\t\t<div class=\"fw-choice fw-input-container\" data-type=\"fw-checkbox\">\n\t\t\t\t\t\t<input id=\"fw-2-1-0-0-3\" type=\"checkbox\" class=\"fw-checkbox\" name=\"fw-2-1-0-0\" data-id=\"3\">\n\t\t\t\t\t\t<label for=\"fw-2-1-0-0-3\" data-labelId=\"3\">Cottage<\/label>\n\t\t\t\t\t<\/div>\n\t\t\t\t\t\t\t\t\t\t<div class=\"fw-choice fw-input-container\" data-type=\"fw-checkbox\">\n\t\t\t\t\t\t<input id=\"fw-2-1-0-0-4\" type=\"checkbox\" class=\"fw-checkbox\" name=\"fw-2-1-0-0\" data-id=\"4\">\n\t\t\t\t\t\t<label for=\"fw-2-1-0-0-4\" data-labelId=\"4\">Duplex<\/label>\n\t\t\t\t\t<\/div>\n\t\t\t\t\t\t\t\t\t\t<div class=\"fw-choice fw-input-container\" data-type=\"fw-checkbox\">\n\t\t\t\t\t\t<input id=\"fw-2-1-0-0-5\" type=\"checkbox\" class=\"fw-checkbox\" name=\"fw-2-1-0-0\" data-id=\"5\">\n\t\t\t\t\t\t<label for=\"fw-2-1-0-0-5\" data-labelId=\"5\">Immeuble commercial<\/label>\n\t\t\t\t\t<\/div>\n\t\t\t\t\t\t\t\t\t\t<div class=\"fw-choice fw-input-container\" data-type=\"fw-checkbox\">\n\t\t\t\t\t\t<input id=\"fw-2-1-0-0-6\" type=\"checkbox\" class=\"fw-checkbox\" name=\"fw-2-1-0-0\" data-id=\"6\">\n\t\t\t\t\t\t<label for=\"fw-2-1-0-0-6\" data-labelId=\"6\">Quadruplex et plus<\/label>\n\t\t\t\t\t<\/div>\n\t\t\t\t\t\t\t\t\t\t<div class=\"fw-choice fw-input-container\" data-type=\"fw-checkbox\">\n\t\t\t\t\t\t<input id=\"fw-2-1-0-0-7\" type=\"checkbox\" class=\"fw-checkbox\" name=\"fw-2-1-0-0\" data-id=\"7\">\n\t\t\t\t\t\t<label for=\"fw-2-1-0-0-7\" data-labelId=\"7\">Terrain<\/label>\n\t\t\t\t\t<\/div>\n\t\t\t\t\t\t\t\t\t\t<div class=\"fw-choice fw-input-container\" data-type=\"fw-checkbox\">\n\t\t\t\t\t\t<input id=\"fw-2-1-0-0-8\" type=\"checkbox\" class=\"fw-checkbox\" name=\"fw-2-1-0-0\" data-id=\"8\">\n\t\t\t\t\t\t<label for=\"fw-2-1-0-0-8\" data-labelId=\"8\">Vente d'entreprise<\/label>\n\t\t\t\t\t<\/div>\n\t\t\t\t\t\t\t\t\t\t<div class=\"fw-choice fw-input-container\" data-type=\"fw-checkbox\">\n\t\t\t\t\t\t<input id=\"fw-2-1-0-0-9\" type=\"checkbox\" class=\"fw-checkbox\" name=\"fw-2-1-0-0\" data-id=\"9\">\n\t\t\t\t\t\t<label for=\"fw-2-1-0-0-9\" data-labelId=\"9\">Bungalow semi-d\u00e9tach\u00e9<\/label>\n\t\t\t\t\t<\/div>\n\t\t\t\t\t\t\t\t\t\t<div class=\"fw-choice fw-input-container\" data-type=\"fw-checkbox\">\n\t\t\t\t\t\t<input id=\"fw-2-1-0-0-10\" type=\"checkbox\" class=\"fw-checkbox\" name=\"fw-2-1-0-0\" data-id=\"10\">\n\t\t\t\t\t\t<label for=\"fw-2-1-0-0-10\" data-labelId=\"10\">Copropri\u00e9t\u00e9 indivis\u00e9e<\/label>\n\t\t\t\t\t<\/div>\n\t\t\t\t\t\t\t\t\t\t<div class=\"fw-choice fw-input-container\" data-type=\"fw-checkbox\">\n\t\t\t\t\t\t<input id=\"fw-2-1-0-0-11\" type=\"checkbox\" class=\"fw-checkbox\" name=\"fw-2-1-0-0\" data-id=\"11\">\n\t\t\t\t\t\t<label for=\"fw-2-1-0-0-11\" data-labelId=\"11\">Cottage semi-d\u00e9tach\u00e9<\/label>\n\t\t\t\t\t<\/div>\n\t\t\t\t\t\t\t\t\t\t<div class=\"fw-choice fw-input-container\" data-type=\"fw-checkbox\">\n\t\t\t\t\t\t<input id=\"fw-2-1-0-0-12\" type=\"checkbox\" class=\"fw-checkbox\" name=\"fw-2-1-0-0\" data-id=\"12\">\n\t\t\t\t\t\t<label for=\"fw-2-1-0-0-12\" data-labelId=\"12\">Immeuble \u00e0 revenus<\/label>\n\t\t\t\t\t<\/div>\n\t\t\t\t\t\t\t\t\t\t<div class=\"fw-choice fw-input-container\" data-type=\"fw-checkbox\">\n\t\t\t\t\t\t<input id=\"fw-2-1-0-0-13\" type=\"checkbox\" class=\"fw-checkbox\" name=\"fw-2-1-0-0\" data-id=\"13\">\n\t\t\t\t\t\t<label for=\"fw-2-1-0-0-13\" data-labelId=\"13\">Maison de ville<\/label>\n\t\t\t\t\t<\/div>\n\t\t\t\t\t\t\t\t\t\t<div class=\"fw-choice fw-input-container\" data-type=\"fw-checkbox\">\n\t\t\t\t\t\t<input id=\"fw-2-1-0-0-14\" type=\"checkbox\" class=\"fw-checkbox\" name=\"fw-2-1-0-0\" data-id=\"14\">\n\t\t\t\t\t\t<label for=\"fw-2-1-0-0-14\" data-labelId=\"14\">Paliers multiples<\/label>\n\t\t\t\t\t<\/div>\n\t\t\t\t\t\t\t\t\t\t<div class=\"fw-choice fw-input-container\" data-type=\"fw-checkbox\">\n\t\t\t\t\t\t<input id=\"fw-2-1-0-0-15\" type=\"checkbox\" class=\"fw-checkbox\" name=\"fw-2-1-0-0\" data-id=\"15\">\n\t\t\t\t\t\t<label for=\"fw-2-1-0-0-15\" data-labelId=\"15\">Triplex<\/label>\n\t\t\t\t\t<\/div>\n\t\t\t\t\t\t\t<\/div>\n\t\t\t\t\t\t\t\t\t\t\t<div class=\"fw-step-block\" data-blockId=\"2\" data-type=\"fw-textarea\" data-required=\"false\">\n\t\t\t<div class=\"fw-input-container\">\n\t\t\t\t<label for=\"msf-textarea-autre?\"><span class=\"msf-h3\">AUTRE?<\/span><\/label>\n\t\t\t\t<textarea \n\t\t\t\t\tclass=\"fw-textarea\"\n\t\t\t\t\tid=\"msf-textarea-autre?\"\n\t\t\t\t\tdata-id=\"textarea\"><\/textarea>\n\t\t\t\t<span class=\"fa fa-pencil t-area form-control-feedback\" aria-hidden=\"true\"><\/span>\n\t\t\t<\/div>\n\t\t\t<div class=\"fw-clearfix\"><\/div>\n\t\t<\/div>\n\t\t\t\t\t\t\t\t\t\t\t<div \n\t\t\tclass=\"fw-step-block\" \n\t\t\tdata-blockId=\"2\" \n\t\t\tdata-type=\"fw-numeric\" \n\t\t\tdata-required=\"false\" \n\t\t\tdata-min=\"0\"\t\t\t\t\t>\n\n\t\t\t<div class=\"fw-input-container\">\n\t\t\t\t<label for=\"msf-numeric-quel-est-votre-budget-approximatif?\"><span class=\"msf-h3\">QUEL EST VOTRE BUDGET APPROXIMATIF?<\/span><\/label>\n\t\t\t\t<input \n\t\t\t\t\ttype=\"text\" \n\t\t\t\t\tclass=\"fw-text-input\" \n\t\t\t\t\tdata-id=\"numeric\"\n\t\t\t\t\tid=\"msf-numeric-quel-est-votre-budget-approximatif?\"\n\t\t\t\t\tplaceholder=\"min. 0\"\n\t\t\t\t\tmin=\"0\"\t\t\t\t\t\t\t\t\t>\n\t\t\t\t<span class=\"fa fa-asterisk form-control-feedback\" aria-hidden=\"true\"><\/span>\n\t\t\t<\/div>\n\t\t\t<div class=\"fw-clearfix\"><\/div>\n\t\t<\/div>\n\t  \t\t\t\t<\/div>\n<\/div>\n\t\t\t                <div class=\"fw-clearfix\"><\/div>\n            <\/div>\n                        <div class=\"fw-wizard-step\" data-stepId=\"2\">\n                <div class=\"fw-step-part \" data-partId=\"0\">\n\t<span class=\"fw-step-part-title \">\n\t\t\t3\t<\/span>\n\t<div class=\"fw-clearfix\"><\/div>\n\t<div class=\"fw-step-part-body\">\n\t\t\t\t\t\t\t\t\t<div class=\"fw-step-block\" data-blockId=\"2\" data-type=\"fw-paragraph\">\n\t\t\t<div class=\"fw-paragraph-container\">\n\t\t\t\t<h3 class=\"multi-step-last-step-title\">DITES-NOUS O\u00d9 VOUS ENVOYER LES ALERTES<\/h3>\t\t\t<\/div>\n\t\t\t<div class=\"fw-clearfix\"><\/div>\n\t\t<\/div>\n\t\t\t\t\t\t\t\t\t\t\t<div class=\"fw-step-block\" data-blockId=\"2\" data-type=\"fw-text\" data-required=\"true\">\n\t\t\t<div class=\"fw-input-container\">\n\t\t\t\t<label for=\"msf-text-pr\u00c9nom\"><span class=\"msf-h3\">PR\u00c9NOM<\/span><\/label>\n\t\t\t\t<input \n\t\t\t\t\ttype=\"text\" \n\t\t\t\t\tclass=\"fw-text-input\" \n\t\t\t\t\tid=\"msf-text-pr\u00c9nom\"\n\t\t\t\t\tdata-id=\"text\">\n\t\t\t\t<span class=\"fa fa-pencil form-control-feedback\" aria-hidden=\"true\"><\/span>\n\t\t\t<\/div>\n\t\t\t<div class=\"fw-clearfix\"><\/div>\n\t\t<\/div>\n\t\t\t\t\t\t\t\t\t\t\t<div class=\"fw-step-block\" data-blockId=\"2\" data-type=\"fw-text\" data-required=\"true\">\n\t\t\t<div class=\"fw-input-container\">\n\t\t\t\t<label for=\"msf-text-nom\"><span class=\"msf-h3\">NOM<\/span><\/label>\n\t\t\t\t<input \n\t\t\t\t\ttype=\"text\" \n\t\t\t\t\tclass=\"fw-text-input\" \n\t\t\t\t\tid=\"msf-text-nom\"\n\t\t\t\t\tdata-id=\"text\">\n\t\t\t\t<span class=\"fa fa-pencil form-control-feedback\" aria-hidden=\"true\"><\/span>\n\t\t\t<\/div>\n\t\t\t<div class=\"fw-clearfix\"><\/div>\n\t\t<\/div>\n\t\t\t\t\t\t\t\t\t\t\t<div class=\"fw-step-block\" data-blockId=\"2\" data-type=\"fw-text\" data-required=\"true\">\n\t\t\t<div class=\"fw-input-container\">\n\t\t\t\t<label for=\"msf-text-t\u00c9l\u00c9phone\"><span class=\"msf-h3\">T\u00c9L\u00c9PHONE<\/span><\/label>\n\t\t\t\t<input \n\t\t\t\t\ttype=\"text\" \n\t\t\t\t\tclass=\"fw-text-input\" \n\t\t\t\t\tid=\"msf-text-t\u00c9l\u00c9phone\"\n\t\t\t\t\tdata-id=\"text\">\n\t\t\t\t<span class=\"fa fa-pencil form-control-feedback\" aria-hidden=\"true\"><\/span>\n\t\t\t<\/div>\n\t\t\t<div class=\"fw-clearfix\"><\/div>\n\t\t<\/div>\n\t\t\t\t\t\t\t\t\t\t\t<div class=\"fw-step-block\" data-blockId=\"2\" data-type=\"fw-email\" data-required=\"true\">\n\t\t\t<div class=\"fw-input-container\">\n\t\t\t\t<label for=\"msf-mail-courriel\"><span class=\"msf-h3\">COURRIEL<\/span><\/label>\n\t\t\t\t<input type=\"text\" id=\"msf-mail-courriel\"  class=\"fw-text-input one\" data-id=\"email\">\n\t\t\t\t<span class=\"fa fa-envelope form-control-feedback\" aria-hidden=\"true\"><\/span>\n\t\t\t<\/div>\n\t\t\t\t\t\t<div class=\"fw-clearfix\"><\/div>\n\t\t<\/div>\n\t  \t\t\t\t<\/div>\n<\/div>\n\t\t\t                        <div class=\"fw-summary-container\">\n                            <button type=\"button\" class=\"fw-toggle-summary\">AFFICHER LE R\u00c9SUM\u00c9<\/button>\n                            <div id=\"wizard-summary\" class=\"fw-wizard-summary\" style=\"display:none;\" data-showsummary=\"on\">\n                            <div class=\"fw-summary-alert\">Certains champs obligatoires sont vides<br>Veuillez v\u00e9rifier les champs surlign\u00e9s.<\/div>\n                            <\/div>\n                        <\/div>\n                                                <input \n                            type=\"hidden\"\n                            class=\"msf-recaptcha-token\"\n                            data-sitekey=\"6LczFXYqAAAAADOwbIwPE2KKYETrKyN74VKC7yZC\"\n                            data-invisible=\"true\"\n                        >\n                        <br\/><br\/>\n                        <div \n                            class=\"msf-recaptcha-element\"\n                            data-size=\"invisible\"                        ><\/div>\n                        <br\/>\n                                            <button type=\"button\" class=\"fw-btn-submit\">Envoyer<\/button>\n                                <div class=\"fw-clearfix\"><\/div>\n            <\/div>\n                    <\/div>\n    <\/div>\n        <div class=\"fw-wizard-button-container\">\n        <div class=\"fw-container\">\n            <div class=\"fw-wizard-buttons\">\n                <button class=\"fw-button-previous\"><i class=\"fa fa-arrow-circle-left\" aria-hidden=\"true\"><\/i> &nbsp;\u00c9tape pr\u00e9c\u00e9dente<\/button>\n                <button class=\"fw-button-next\">\u00c9tape suivante &nbsp;<i class=\"fa fa-arrow-circle-right\" aria-hidden=\"true\"><\/i><\/button>\n            <\/div>\n        <\/div>\n    <\/div>\n        <div class=\"fw-alert-user\" style=\"display:none;\"><\/div>\n<\/div>\n\n","protected":false},"excerpt":{"rendered":"","protected":false},"author":8,"featured_media":0,"parent":0,"menu_order":0,"comment_status":"closed","ping_status":"closed","template":"template-evaluation.php","meta":{"_acf_changed":false,"footnotes":""},"class_list":["post-1362","page","type-page","status-publish","hentry"],"acf":[],"_links":{"self":[{"href":"https:\/\/courtier-mtl.com\/fr\/wp-json\/wp\/v2\/pages\/1362","targetHints":{"allow":["GET"]}}],"collection":[{"href":"https:\/\/courtier-mtl.com\/fr\/wp-json\/wp\/v2\/pages"}],"about":[{"href":"https:\/\/courtier-mtl.com\/fr\/wp-json\/wp\/v2\/types\/page"}],"author":[{"embeddable":true,"href":"https:\/\/courtier-mtl.com\/fr\/wp-json\/wp\/v2\/users\/8"}],"replies":[{"embeddable":true,"href":"https:\/\/courtier-mtl.com\/fr\/wp-json\/wp\/v2\/comments?post=1362"}],"version-history":[{"count":0,"href":"https:\/\/courtier-mtl.com\/fr\/wp-json\/wp\/v2\/pages\/1362\/revisions"}],"wp:attachment":[{"href":"https:\/\/courtier-mtl.com\/fr\/wp-json\/wp\/v2\/media?parent=1362"}],"curies":[{"name":"wp","href":"https:\/\/api.w.org\/{rel}","templated":true}]}}