{"id":399,"date":"2022-11-08T10:07:45","date_gmt":"2022-11-08T10:07:45","guid":{"rendered":"https:\/\/courtier-mtl.com\/?page_id=399"},"modified":"2026-04-14T15:26:43","modified_gmt":"2026-04-14T20:26:43","slug":"accueil","status":"publish","type":"page","link":"https:\/\/courtier-mtl.com\/fr\/","title":{"rendered":"Courtier Immobilier Montr\u00e9al"},"content":{"rendered":"","protected":false},"excerpt":{"rendered":"","protected":false},"author":8,"featured_media":0,"parent":0,"menu_order":0,"comment_status":"closed","ping_status":"closed","template":"template-home.php","meta":{"_acf_changed":false,"footnotes":""},"class_list":["post-399","page","type-page","status-publish","hentry"],"acf":[],"yoast_head":"<!-- This site is optimized with the Yoast SEO Premium plugin v27.4 (Yoast SEO v27.4) - https:\/\/yoast.com\/product\/yoast-seo-premium-wordpress\/ -->\n<title>Courtier Immobilier Groupe Giuseppe Cartolano - Courtiers Montreal - Courtier immobilier - Sutton - Courtier immobilier \u00e0 Montr\u00e9al &amp; Laval | Groupe Giuseppe Cartolano<\/title>\n<meta name=\"description\" content=\"Courtiers immobiliers \u00e0 Montr\u00e9al et Laval. Achat, vente et investissement avec n\u00e9gociation experte, conseils clairs et service personnalis\u00e9.\" \/>\n<meta name=\"robots\" content=\"index, follow, max-snippet:-1, max-image-preview:large, max-video-preview:-1\" \/>\n<link rel=\"canonical\" href=\"https:\/\/courtier-mtl.com\/fr\/\" \/>\n<meta property=\"og:locale\" content=\"fr_FR\" \/>\n<meta property=\"og:type\" content=\"article\" \/>\n<meta property=\"og:title\" content=\"Courtier Immobilier Groupe Giuseppe Cartolano - Courtiers Montreal - Courtier immobilier - Sutton - Courtier immobilier \u00e0 Montr\u00e9al &amp; Laval | Groupe Giuseppe Cartolano\" \/>\n<meta property=\"og:description\" content=\"Courtiers immobiliers \u00e0 Montr\u00e9al et Laval. Achat, vente et investissement avec n\u00e9gociation experte, conseils clairs et service personnalis\u00e9.\" \/>\n<meta property=\"og:url\" content=\"https:\/\/courtier-mtl.com\/fr\/\" \/>\n<meta property=\"og:site_name\" content=\"Courtiers Montreal\" \/>\n<meta property=\"article:publisher\" content=\"https:\/\/www.facebook.com\/giuseppecartolanocourtier\/\" \/>\n<meta property=\"article:modified_time\" content=\"2026-04-14T20:26:43+00:00\" \/>\n<meta property=\"og:image\" content=\"https:\/\/courtier-mtl.com\/wp-content\/uploads\/2025\/03\/cartolano-yoast.png\" \/>\n\t<meta property=\"og:image:width\" content=\"1000\" \/>\n\t<meta property=\"og:image:height\" content=\"494\" \/>\n\t<meta property=\"og:image:type\" content=\"image\/png\" \/>\n<meta name=\"twitter:card\" content=\"summary_large_image\" \/>\n<script type=\"application\/ld+json\" class=\"yoast-schema-graph\">{\"@context\":\"https:\\\/\\\/schema.org\",\"@graph\":[{\"@type\":\"WebPage\",\"@id\":\"https:\\\/\\\/courtier-mtl.com\\\/fr\\\/\",\"url\":\"https:\\\/\\\/courtier-mtl.com\\\/fr\\\/\",\"name\":\"Courtier Immobilier Groupe Giuseppe Cartolano - Courtiers Montreal - Courtier immobilier - Sutton - Courtier immobilier \u00e0 Montr\u00e9al & Laval | Groupe Giuseppe Cartolano\",\"isPartOf\":{\"@id\":\"https:\\\/\\\/courtier-mtl.com\\\/fr\\\/#website\"},\"datePublished\":\"2022-11-08T10:07:45+00:00\",\"dateModified\":\"2026-04-14T20:26:43+00:00\",\"description\":\"Courtiers immobiliers \u00e0 Montr\u00e9al et Laval. Achat, vente et investissement avec n\u00e9gociation experte, conseils clairs et service personnalis\u00e9.\",\"inLanguage\":\"fr-FR\",\"potentialAction\":[{\"@type\":\"ReadAction\",\"target\":[\"https:\\\/\\\/courtier-mtl.com\\\/fr\\\/\"]}]},{\"@type\":\"WebSite\",\"@id\":\"https:\\\/\\\/courtier-mtl.com\\\/fr\\\/#website\",\"url\":\"https:\\\/\\\/courtier-mtl.com\\\/fr\\\/\",\"name\":\"Montreal Real Estate Brokers\",\"description\":\"Courtier immobilier - Sutton\",\"publisher\":{\"@id\":\"https:\\\/\\\/courtier-mtl.com\\\/fr\\\/#organization\"},\"potentialAction\":[{\"@type\":\"SearchAction\",\"target\":{\"@type\":\"EntryPoint\",\"urlTemplate\":\"https:\\\/\\\/courtier-mtl.com\\\/fr\\\/?s={search_term_string}\"},\"query-input\":{\"@type\":\"PropertyValueSpecification\",\"valueRequired\":true,\"valueName\":\"search_term_string\"}}],\"inLanguage\":\"fr-FR\"},{\"@type\":[\"Organization\",\"Place\"],\"@id\":\"https:\\\/\\\/courtier-mtl.com\\\/fr\\\/#organization\",\"name\":\"Groupe Giuseppe Cartolano Inc\",\"url\":\"https:\\\/\\\/courtier-mtl.com\\\/fr\\\/\",\"logo\":{\"@id\":\"https:\\\/\\\/courtier-mtl.com\\\/fr\\\/#local-main-organization-logo\"},\"image\":{\"@id\":\"https:\\\/\\\/courtier-mtl.com\\\/fr\\\/#local-main-organization-logo\"},\"sameAs\":[\"https:\\\/\\\/www.facebook.com\\\/giuseppecartolanocourtier\\\/\",\"https:\\\/\\\/www.instagram.com\\\/groupegiuseppecartolano\\\/\"],\"description\":\"Trusted, Committed, and Available Real Estate Broker in Montreal Your Trusted Real Estate Broker in Montreal Are you searching for the best real estate Broker Montreal? Whether you are buying, selling, or investing, finding a trusted real estate agent in Montreal can make all the difference. Our team of experienced professionals is here to help you through every step of the process, ensuring a seamless and successful transaction. Top Realtor and Real Estate Broker Montreal Personalized Service \u2014Expert guidance for buyers, sellers, and investors from a trusted real estate broker in Montreal. Local Market Expertise \u2014 Up-to-date knowledge of Montreal and Laval real estate markets. Skilled Negotiators \u2014 Our Montreal real estate broker get you the best possible deal. In-Depth Local Knowledge \u2014 Access to exclusive properties and hidden gems in Montreal. Transparent Communication \u2014 Clear and honest updates throughout the process.\",\"legalName\":\"Groupe Giuseppe Cartolano Inc\",\"numberOfEmployees\":{\"@type\":\"QuantitativeValue\",\"minValue\":\"1\",\"maxValue\":\"10\"},\"address\":{\"@id\":\"https:\\\/\\\/courtier-mtl.com\\\/fr\\\/#local-main-place-address\"},\"geo\":{\"@type\":\"GeoCoordinates\",\"latitude\":\"45.5916191\",\"longitude\":\"-73.57678229999999\"},\"telephone\":[\"5146778333\",\"5143606666\"],\"contactPoint\":{\"@type\":\"ContactPoint\",\"telephone\":\"514-360-6666\",\"email\":\"joseph@courtier-mtl.com\"},\"openingHoursSpecification\":[{\"@type\":\"OpeningHoursSpecification\",\"dayOfWeek\":[\"Monday\",\"Tuesday\",\"Wednesday\",\"Thursday\",\"Friday\",\"Saturday\",\"Sunday\"],\"opens\":\"09:00\",\"closes\":\"17:00\"}],\"email\":\"info@courtier-mtl.com\"},{\"@type\":\"PostalAddress\",\"@id\":\"https:\\\/\\\/courtier-mtl.com\\\/fr\\\/#local-main-place-address\",\"streetAddress\":\"6401 Jean-Talon E\",\"addressLocality\":\"Saint-L\u00e9onard\",\"postalCode\":\"H1S 3E7\",\"addressRegion\":\"Quebec\",\"addressCountry\":\"CA\"},{\"@type\":\"ImageObject\",\"inLanguage\":\"fr-FR\",\"@id\":\"https:\\\/\\\/courtier-mtl.com\\\/fr\\\/#local-main-organization-logo\",\"url\":\"https:\\\/\\\/courtier-mtl.com\\\/wp-content\\\/uploads\\\/2025\\\/03\\\/gc-chrome-big.png\",\"contentUrl\":\"https:\\\/\\\/courtier-mtl.com\\\/wp-content\\\/uploads\\\/2025\\\/03\\\/gc-chrome-big.png\",\"width\":1000,\"height\":1000,\"caption\":\"Groupe Giuseppe Cartolano Inc\"}]}<\/script>\n<meta name=\"geo.placename\" content=\"Saint-L\u00e9onard\" \/>\n<meta name=\"geo.position\" content=\"45.5916191;-73.57678229999999\" \/>\n<meta name=\"geo.region\" content=\"Canada\" \/>\n<!-- \/ Yoast SEO Premium plugin. -->","yoast_head_json":{"title":"Courtier Immobilier Groupe Giuseppe Cartolano - Courtiers Montreal - Courtier immobilier - Sutton - Courtier immobilier \u00e0 Montr\u00e9al & Laval | Groupe Giuseppe Cartolano","description":"Courtiers immobiliers \u00e0 Montr\u00e9al et Laval. Achat, vente et investissement avec n\u00e9gociation experte, conseils clairs et service personnalis\u00e9.","robots":{"index":"index","follow":"follow","max-snippet":"max-snippet:-1","max-image-preview":"max-image-preview:large","max-video-preview":"max-video-preview:-1"},"canonical":"https:\/\/courtier-mtl.com\/fr\/","og_locale":"fr_FR","og_type":"article","og_title":"Courtier Immobilier Groupe Giuseppe Cartolano - Courtiers Montreal - Courtier immobilier - Sutton - Courtier immobilier \u00e0 Montr\u00e9al & Laval | Groupe Giuseppe Cartolano","og_description":"Courtiers immobiliers \u00e0 Montr\u00e9al et Laval. Achat, vente et investissement avec n\u00e9gociation experte, conseils clairs et service personnalis\u00e9.","og_url":"https:\/\/courtier-mtl.com\/fr\/","og_site_name":"Courtiers Montreal","article_publisher":"https:\/\/www.facebook.com\/giuseppecartolanocourtier\/","article_modified_time":"2026-04-14T20:26:43+00:00","og_image":[{"width":1000,"height":494,"url":"https:\/\/courtier-mtl.com\/wp-content\/uploads\/2025\/03\/cartolano-yoast.png","type":"image\/png"}],"twitter_card":"summary_large_image","schema":{"@context":"https:\/\/schema.org","@graph":[{"@type":"WebPage","@id":"https:\/\/courtier-mtl.com\/fr\/","url":"https:\/\/courtier-mtl.com\/fr\/","name":"Courtier Immobilier Groupe Giuseppe Cartolano - Courtiers Montreal - Courtier immobilier - Sutton - Courtier immobilier \u00e0 Montr\u00e9al & Laval | Groupe Giuseppe Cartolano","isPartOf":{"@id":"https:\/\/courtier-mtl.com\/fr\/#website"},"datePublished":"2022-11-08T10:07:45+00:00","dateModified":"2026-04-14T20:26:43+00:00","description":"Courtiers immobiliers \u00e0 Montr\u00e9al et Laval. Achat, vente et investissement avec n\u00e9gociation experte, conseils clairs et service personnalis\u00e9.","inLanguage":"fr-FR","potentialAction":[{"@type":"ReadAction","target":["https:\/\/courtier-mtl.com\/fr\/"]}]},{"@type":"WebSite","@id":"https:\/\/courtier-mtl.com\/fr\/#website","url":"https:\/\/courtier-mtl.com\/fr\/","name":"Montreal Real Estate Brokers","description":"Courtier immobilier - Sutton","publisher":{"@id":"https:\/\/courtier-mtl.com\/fr\/#organization"},"potentialAction":[{"@type":"SearchAction","target":{"@type":"EntryPoint","urlTemplate":"https:\/\/courtier-mtl.com\/fr\/?s={search_term_string}"},"query-input":{"@type":"PropertyValueSpecification","valueRequired":true,"valueName":"search_term_string"}}],"inLanguage":"fr-FR"},{"@type":["Organization","Place"],"@id":"https:\/\/courtier-mtl.com\/fr\/#organization","name":"Groupe Giuseppe Cartolano Inc","url":"https:\/\/courtier-mtl.com\/fr\/","logo":{"@id":"https:\/\/courtier-mtl.com\/fr\/#local-main-organization-logo"},"image":{"@id":"https:\/\/courtier-mtl.com\/fr\/#local-main-organization-logo"},"sameAs":["https:\/\/www.facebook.com\/giuseppecartolanocourtier\/","https:\/\/www.instagram.com\/groupegiuseppecartolano\/"],"description":"Trusted, Committed, and Available Real Estate Broker in Montreal Your Trusted Real Estate Broker in Montreal Are you searching for the best real estate Broker Montreal? Whether you are buying, selling, or investing, finding a trusted real estate agent in Montreal can make all the difference. Our team of experienced professionals is here to help you through every step of the process, ensuring a seamless and successful transaction. Top Realtor and Real Estate Broker Montreal Personalized Service \u2014Expert guidance for buyers, sellers, and investors from a trusted real estate broker in Montreal. Local Market Expertise \u2014 Up-to-date knowledge of Montreal and Laval real estate markets. Skilled Negotiators \u2014 Our Montreal real estate broker get you the best possible deal. In-Depth Local Knowledge \u2014 Access to exclusive properties and hidden gems in Montreal. Transparent Communication \u2014 Clear and honest updates throughout the process.","legalName":"Groupe Giuseppe Cartolano Inc","numberOfEmployees":{"@type":"QuantitativeValue","minValue":"1","maxValue":"10"},"address":{"@id":"https:\/\/courtier-mtl.com\/fr\/#local-main-place-address"},"geo":{"@type":"GeoCoordinates","latitude":"45.5916191","longitude":"-73.57678229999999"},"telephone":["5146778333","5143606666"],"contactPoint":{"@type":"ContactPoint","telephone":"514-360-6666","email":"joseph@courtier-mtl.com"},"openingHoursSpecification":[{"@type":"OpeningHoursSpecification","dayOfWeek":["Monday","Tuesday","Wednesday","Thursday","Friday","Saturday","Sunday"],"opens":"09:00","closes":"17:00"}],"email":"info@courtier-mtl.com"},{"@type":"PostalAddress","@id":"https:\/\/courtier-mtl.com\/fr\/#local-main-place-address","streetAddress":"6401 Jean-Talon E","addressLocality":"Saint-L\u00e9onard","postalCode":"H1S 3E7","addressRegion":"Quebec","addressCountry":"CA"},{"@type":"ImageObject","inLanguage":"fr-FR","@id":"https:\/\/courtier-mtl.com\/fr\/#local-main-organization-logo","url":"https:\/\/courtier-mtl.com\/wp-content\/uploads\/2025\/03\/gc-chrome-big.png","contentUrl":"https:\/\/courtier-mtl.com\/wp-content\/uploads\/2025\/03\/gc-chrome-big.png","width":1000,"height":1000,"caption":"Groupe Giuseppe Cartolano Inc"}]},"geo.placename":"Saint-L\u00e9onard","geo.position":{"lat":"45.5916191","long":"-73.57678229999999"},"geo.region":"Canada"},"_links":{"self":[{"href":"https:\/\/courtier-mtl.com\/fr\/wp-json\/wp\/v2\/pages\/399","targetHints":{"allow":["GET"]}}],"collection":[{"href":"https:\/\/courtier-mtl.com\/fr\/wp-json\/wp\/v2\/pages"}],"about":[{"href":"https:\/\/courtier-mtl.com\/fr\/wp-json\/wp\/v2\/types\/page"}],"author":[{"embeddable":true,"href":"https:\/\/courtier-mtl.com\/fr\/wp-json\/wp\/v2\/users\/8"}],"replies":[{"embeddable":true,"href":"https:\/\/courtier-mtl.com\/fr\/wp-json\/wp\/v2\/comments?post=399"}],"version-history":[{"count":1,"href":"https:\/\/courtier-mtl.com\/fr\/wp-json\/wp\/v2\/pages\/399\/revisions"}],"predecessor-version":[{"id":16270,"href":"https:\/\/courtier-mtl.com\/fr\/wp-json\/wp\/v2\/pages\/399\/revisions\/16270"}],"wp:attachment":[{"href":"https:\/\/courtier-mtl.com\/fr\/wp-json\/wp\/v2\/media?parent=399"}],"curies":[{"name":"wp","href":"https:\/\/api.w.org\/{rel}","templated":true}]}}